{"id":793,"date":"2020-08-06T06:51:06","date_gmt":"2020-08-06T06:51:06","guid":{"rendered":"https:\/\/cmb-rovereto.it\/turnstiles\/"},"modified":"2025-02-21T15:54:32","modified_gmt":"2025-02-21T15:54:32","slug":"drehsperren","status":"publish","type":"page","link":"https:\/\/cmb-rovereto.it\/de\/drehsperren\/","title":{"rendered":"Drehsperren"},"content":{"rendered":"<p><div class=\"fusion-fullwidth fullwidth-box fusion-builder-row-1 fusion-flex-container nonhundred-percent-fullwidth non-hundred-percent-height-scrolling\" style=\"--awb-border-radius-top-left:0px;--awb-border-radius-top-right:0px;--awb-border-radius-bottom-right:0px;--awb-border-radius-bottom-left:0px;--awb-margin-top:100px;--awb-margin-bottom:100px;--awb-margin-top-medium:80px;--awb-margin-bottom-medium:80px;--awb-margin-top-small:40px;--awb-margin-bottom-small:40px;--awb-flex-wrap:wrap;\" ><div class=\"fusion-builder-row fusion-row fusion-flex-align-items-center fusion-flex-content-wrap\" style=\"max-width:1248px;margin-left: calc(-4% \/ 2 );margin-right: calc(-4% \/ 2 );\"><div class=\"fusion-layout-column fusion_builder_column fusion-builder-column-0 fusion_builder_column_1_1 1_1 fusion-flex-column\" style=\"--awb-bg-size:cover;--awb-width-large:100%;--awb-margin-top-large:0px;--awb-spacing-right-large:1.92%;--awb-margin-bottom-large:100px;--awb-spacing-left-large:1.92%;--awb-width-medium:100%;--awb-order-medium:0;--awb-spacing-right-medium:1.92%;--awb-margin-bottom-medium:80px;--awb-spacing-left-medium:1.92%;--awb-width-small:100%;--awb-order-small:0;--awb-spacing-right-small:1.92%;--awb-margin-bottom-small:40px;--awb-spacing-left-small:1.92%;\"><div class=\"fusion-column-wrapper fusion-column-has-shadow fusion-flex-justify-content-flex-start fusion-content-layout-column\"><div class=\"fusion-title title fusion-title-1 fusion-sep-none fusion-title-text fusion-title-size-one fusion-animated\" data-animationType=\"fadeInUp\" data-animationDuration=\"0.5\" data-animationOffset=\"top-into-view\"><h1 class=\"fusion-title-heading title-heading-left fusion-responsive-typography-calculated\" style=\"margin:0;--fontSize:47;line-height:1.2;\">Drehsperren<\/h1><\/div><div class=\"fusion-image-element \" style=\"--awb-caption-title-font-family:var(--h2_typography-font-family);--awb-caption-title-font-weight:var(--h2_typography-font-weight);--awb-caption-title-font-style:var(--h2_typography-font-style);--awb-caption-title-size:var(--h2_typography-font-size);--awb-caption-title-transform:var(--h2_typography-text-transform);--awb-caption-title-line-height:var(--h2_typography-line-height);--awb-caption-title-letter-spacing:var(--h2_typography-letter-spacing);\"><span class=\" fusion-imageframe imageframe-none imageframe-1 hover-type-none fusion-animated\" data-animationType=\"fadeInUp\" data-animationDuration=\"1.0\" data-animationOffset=\"top-into-view\"><img decoding=\"async\" width=\"1250\" height=\"627\" alt=\"Turnstiles\" title=\"Turnstiles\" src=\"https:\/\/cmb-rovereto.it\/wp-content\/uploads\/2020\/10\/Turnstiles.jpg\" class=\"img-responsive wp-image-881\" srcset=\"https:\/\/cmb-rovereto.it\/wp-content\/uploads\/2020\/10\/Turnstiles-200x100.jpg 200w, https:\/\/cmb-rovereto.it\/wp-content\/uploads\/2020\/10\/Turnstiles-400x201.jpg 400w, https:\/\/cmb-rovereto.it\/wp-content\/uploads\/2020\/10\/Turnstiles-600x301.jpg 600w, https:\/\/cmb-rovereto.it\/wp-content\/uploads\/2020\/10\/Turnstiles-800x401.jpg 800w, https:\/\/cmb-rovereto.it\/wp-content\/uploads\/2020\/10\/Turnstiles-1200x602.jpg 1200w, https:\/\/cmb-rovereto.it\/wp-content\/uploads\/2020\/10\/Turnstiles.jpg 1250w\" sizes=\"(max-width: 640px) 100vw, 1200px\" \/><\/span><\/div><\/div><\/div><div class=\"fusion-layout-column fusion_builder_column fusion-builder-column-1 fusion_builder_column_1_2 1_2 fusion-flex-column fusion-animated\" style=\"--awb-bg-size:cover;--awb-width-large:50%;--awb-margin-top-large:0px;--awb-spacing-right-large:3.84%;--awb-margin-bottom-large:0px;--awb-spacing-left-large:3.84%;--awb-width-medium:50%;--awb-order-medium:0;--awb-spacing-right-medium:3.84%;--awb-spacing-left-medium:3.84%;--awb-width-small:100%;--awb-order-small:0;--awb-spacing-right-small:1.92%;--awb-spacing-left-small:1.92%;\" data-animationType=\"fadeInLeft\" data-animationDuration=\"1.0\" data-animationOffset=\"top-into-view\"><div class=\"fusion-column-wrapper fusion-column-has-shadow fusion-flex-justify-content-flex-start fusion-content-layout-column\"><div class=\"fusion-image-element fusion-no-small-visibility\" style=\"text-align:center;--awb-caption-title-font-family:var(--h2_typography-font-family);--awb-caption-title-font-weight:var(--h2_typography-font-weight);--awb-caption-title-font-style:var(--h2_typography-font-style);--awb-caption-title-size:var(--h2_typography-font-size);--awb-caption-title-transform:var(--h2_typography-text-transform);--awb-caption-title-line-height:var(--h2_typography-line-height);--awb-caption-title-letter-spacing:var(--h2_typography-letter-spacing);\"><span class=\" fusion-imageframe imageframe-none imageframe-2 hover-type-none\"><img decoding=\"async\" width=\"310\" height=\"440\" title=\"Turnstiles-for-ski-areas-and-other-gates-e1596696645139\" src=\"https:\/\/cmb-rovereto.it\/wp-content\/uploads\/2020\/08\/Turnstiles-for-ski-areas-and-other-gates-e1596696645139-1.png\" alt class=\"img-responsive wp-image-750\" srcset=\"https:\/\/cmb-rovereto.it\/wp-content\/uploads\/2020\/08\/Turnstiles-for-ski-areas-and-other-gates-e1596696645139-1-200x284.png 200w, https:\/\/cmb-rovereto.it\/wp-content\/uploads\/2020\/08\/Turnstiles-for-ski-areas-and-other-gates-e1596696645139-1.png 310w\" sizes=\"(max-width: 640px) 100vw, 310px\" \/><\/span><\/div><\/div><\/div><div class=\"fusion-layout-column fusion_builder_column fusion-builder-column-2 fusion_builder_column_1_2 1_2 fusion-flex-column fusion-animated\" style=\"--awb-bg-size:cover;--awb-width-large:50%;--awb-margin-top-large:0px;--awb-spacing-right-large:3.84%;--awb-margin-bottom-large:0px;--awb-spacing-left-large:3.84%;--awb-width-medium:50%;--awb-order-medium:0;--awb-spacing-right-medium:3.84%;--awb-spacing-left-medium:3.84%;--awb-width-small:100%;--awb-order-small:0;--awb-spacing-right-small:1.92%;--awb-spacing-left-small:1.92%;\" data-animationType=\"fadeInRight\" data-animationDuration=\"1.0\" data-animationOffset=\"top-into-view\"><div class=\"fusion-column-wrapper fusion-column-has-shadow fusion-flex-justify-content-flex-start fusion-content-layout-column\"><div class=\"fusion-title title fusion-title-2 fusion-sep-none fusion-title-text fusion-title-size-two\" style=\"--awb-margin-bottom:60px;--awb-margin-bottom-small:20px;--awb-margin-bottom-medium:40px;\"><h2 class=\"fusion-title-heading title-heading-left fusion-responsive-typography-calculated\" style=\"margin:0;--fontSize:47;line-height:1.2;\"><p>Drehsperren f\u00fcr Skigebiete und andere Eingangskontrollanlagen<\/p>\n<h2 style=\"line-height: 1.4; font-size: 16px; margin-top: 10px;\">(DREHKREUZE F\u00dcR STADIEN, AUSSTELLUNGSZENTREN, B\u00dcROGEB\u00c4UDE, BANKEN UND SPORTEINRICHTUNGEN)<\/h2><\/h2><\/div><div class=\"fusion-text fusion-text-1 cmb-list\"><p>In den letzten 30 Jahren haben wir <strong>30.000 Einheiten geliefert<\/strong>.<br \/>\nEs k\u00f6nnen auch Zubeh\u00f6rteile wie Antennen, Kartenleserhalterungen und Sockel gefertigt werden.<\/p>\n<\/div><div class=\"fusion-image-element fusion-no-medium-visibility fusion-no-large-visibility\" style=\"text-align:center;--awb-max-width:155px;--awb-caption-title-font-family:var(--h2_typography-font-family);--awb-caption-title-font-weight:var(--h2_typography-font-weight);--awb-caption-title-font-style:var(--h2_typography-font-style);--awb-caption-title-size:var(--h2_typography-font-size);--awb-caption-title-transform:var(--h2_typography-text-transform);--awb-caption-title-line-height:var(--h2_typography-line-height);--awb-caption-title-letter-spacing:var(--h2_typography-letter-spacing);\"><span class=\" fusion-imageframe imageframe-none imageframe-3 hover-type-none\"><img decoding=\"async\" width=\"310\" height=\"440\" title=\"Turnstiles-for-ski-areas-and-other-gates-e1596696645139\" src=\"https:\/\/cmb-rovereto.it\/wp-content\/uploads\/2020\/08\/Turnstiles-for-ski-areas-and-other-gates-e1596696645139-2.png\" alt class=\"img-responsive wp-image-752\" srcset=\"https:\/\/cmb-rovereto.it\/wp-content\/uploads\/2020\/08\/Turnstiles-for-ski-areas-and-other-gates-e1596696645139-2-200x284.png 200w, https:\/\/cmb-rovereto.it\/wp-content\/uploads\/2020\/08\/Turnstiles-for-ski-areas-and-other-gates-e1596696645139-2.png 310w\" sizes=\"(max-width: 640px) 100vw, 310px\" \/><\/span><\/div><\/div><\/div><\/div><\/div><div class=\"fusion-fullwidth fullwidth-box fusion-builder-row-2 fusion-flex-container nonhundred-percent-fullwidth non-hundred-percent-height-scrolling\" style=\"--awb-border-radius-top-left:0px;--awb-border-radius-top-right:0px;--awb-border-radius-bottom-right:0px;--awb-border-radius-bottom-left:0px;--awb-padding-top:200px;--awb-padding-bottom:200px;--awb-padding-top-medium:150px;--awb-padding-bottom-medium:150px;--awb-padding-top-small:60px;--awb-padding-bottom-small:60px;--awb-background-color:#7298b0;--awb-flex-wrap:wrap;\" ><div class=\"fusion-builder-row fusion-row fusion-flex-align-items-center fusion-flex-content-wrap\" style=\"max-width:1248px;margin-left: calc(-4% \/ 2 );margin-right: calc(-4% \/ 2 );\"><div class=\"fusion-layout-column fusion_builder_column fusion-builder-column-3 fusion_builder_column_1_2 1_2 fusion-flex-column fusion-animated\" style=\"--awb-bg-size:cover;--awb-width-large:50%;--awb-margin-top-large:0px;--awb-spacing-right-large:3.84%;--awb-margin-bottom-large:0px;--awb-spacing-left-large:3.84%;--awb-width-medium:50%;--awb-order-medium:0;--awb-spacing-right-medium:3.84%;--awb-spacing-left-medium:3.84%;--awb-width-small:100%;--awb-order-small:0;--awb-spacing-right-small:1.92%;--awb-spacing-left-small:1.92%;\" data-animationType=\"fadeInLeft\" data-animationDuration=\"1.0\" data-animationOffset=\"top-into-view\"><div class=\"fusion-column-wrapper fusion-column-has-shadow fusion-flex-justify-content-flex-start fusion-content-layout-column\"><div class=\"fusion-image-element \" style=\"--awb-caption-title-font-family:var(--h2_typography-font-family);--awb-caption-title-font-weight:var(--h2_typography-font-weight);--awb-caption-title-font-style:var(--h2_typography-font-style);--awb-caption-title-size:var(--h2_typography-font-size);--awb-caption-title-transform:var(--h2_typography-text-transform);--awb-caption-title-line-height:var(--h2_typography-line-height);--awb-caption-title-letter-spacing:var(--h2_typography-letter-spacing);\"><span class=\" fusion-imageframe imageframe-none imageframe-4 hover-type-none\"><img decoding=\"async\" width=\"595\" height=\"623\" title=\"Our-services-for-Turnstiles\" src=\"https:\/\/cmb-rovereto.it\/wp-content\/uploads\/2020\/09\/Our-services-for-Turnstiles.png\" alt class=\"img-responsive wp-image-756\" srcset=\"https:\/\/cmb-rovereto.it\/wp-content\/uploads\/2020\/09\/Our-services-for-Turnstiles-200x209.png 200w, https:\/\/cmb-rovereto.it\/wp-content\/uploads\/2020\/09\/Our-services-for-Turnstiles-400x419.png 400w, https:\/\/cmb-rovereto.it\/wp-content\/uploads\/2020\/09\/Our-services-for-Turnstiles.png 595w\" sizes=\"(max-width: 640px) 100vw, 595px\" \/><\/span><\/div><\/div><\/div><div class=\"fusion-layout-column fusion_builder_column fusion-builder-column-4 fusion_builder_column_1_2 1_2 fusion-flex-column fusion-animated\" style=\"--awb-bg-size:cover;--awb-width-large:50%;--awb-margin-top-large:0px;--awb-spacing-right-large:3.84%;--awb-margin-bottom-large:0px;--awb-spacing-left-large:3.84%;--awb-width-medium:50%;--awb-order-medium:0;--awb-spacing-right-medium:3.84%;--awb-spacing-left-medium:3.84%;--awb-width-small:100%;--awb-order-small:0;--awb-margin-top-small:30px;--awb-spacing-right-small:1.92%;--awb-spacing-left-small:1.92%;\" data-animationType=\"fadeInRight\" data-animationDuration=\"1.0\" data-animationOffset=\"top-into-view\"><div class=\"fusion-column-wrapper fusion-column-has-shadow fusion-flex-justify-content-flex-start fusion-content-layout-column\"><div class=\"fusion-title title fusion-title-3 fusion-sep-none fusion-title-text fusion-title-size-three\" style=\"--awb-text-color:#ffffff;--awb-margin-bottom-small:20px;--awb-margin-bottom-medium:30px;--awb-font-size:40px;\"><h3 class=\"fusion-title-heading title-heading-left fusion-responsive-typography-calculated\" style=\"margin:0;font-size:1em;--fontSize:40;line-height:1.2;\">Unsere Leistungen f\u00fcr Drehsperren<\/h3><\/div><div class=\"fusion-text fusion-text-2 cmb-list-white\"><ul>\n<li class=\"p1\">Prototypenbau<\/li>\n<li class=\"p1\">Unterst\u00fctzung bei der Produktindustrialisierung<\/li>\n<li class=\"p1\">Auswahl und Verwaltung der Lieferbetriebe<\/li>\n<li class=\"p1\">Mechanische Bearbeitungen<\/li>\n<li class=\"p1\">Oberfl\u00e4chenbehandlungen<\/li>\n<li class=\"p1\">Vormontage von Unterbaugruppen<\/li>\n<li class=\"p1\">Zusammenbau von Fertigerzeugnissen<\/li>\n<li class=\"p1\">Oberfl\u00e4chenveredelung<\/li>\n<\/ul>\n<\/div><\/div><\/div><\/div><\/div><div class=\"fusion-fullwidth fullwidth-box fusion-builder-row-3 fusion-flex-container fusion-parallax-none nonhundred-percent-fullwidth non-hundred-percent-height-scrolling\" style=\"--awb-background-position:right center;--awb-border-radius-top-left:0px;--awb-border-radius-top-right:0px;--awb-border-radius-bottom-right:0px;--awb-border-radius-bottom-left:0px;--awb-padding-top:100px;--awb-padding-bottom:100px;--awb-padding-top-medium:80px;--awb-padding-bottom-medium:80px;--awb-padding-top-small:60px;--awb-padding-bottom-small:60px;--awb-background-color:#23465e;--awb-background-image:url(&quot;https:\/\/cmb-rovereto.it\/wp-content\/uploads\/2020\/08\/We-find-solutions_bckg.jpg&quot;);--awb-background-size:cover;--awb-flex-wrap:wrap;\" ><div class=\"fusion-builder-row fusion-row fusion-flex-align-items-center fusion-flex-content-wrap\" style=\"max-width:1248px;margin-left: calc(-4% \/ 2 );margin-right: calc(-4% \/ 2 );\"><div class=\"fusion-layout-column fusion_builder_column fusion-builder-column-5 fusion_builder_column_1_2 1_2 fusion-flex-column fusion-animated\" style=\"--awb-bg-size:cover;--awb-width-large:50%;--awb-margin-top-large:0px;--awb-spacing-right-large:3.84%;--awb-margin-bottom-large:0px;--awb-spacing-left-large:3.84%;--awb-width-medium:50%;--awb-order-medium:0;--awb-spacing-right-medium:3.84%;--awb-spacing-left-medium:3.84%;--awb-width-small:100%;--awb-order-small:0;--awb-spacing-right-small:1.92%;--awb-spacing-left-small:1.92%;\" data-animationType=\"fadeInLeft\" data-animationDuration=\"1.0\" data-animationOffset=\"top-into-view\"><div class=\"fusion-column-wrapper fusion-column-has-shadow fusion-flex-justify-content-flex-start fusion-content-layout-column\"><div class=\"fusion-image-element \" style=\"--awb-margin-bottom:20px;--awb-max-width:380px;--awb-caption-title-font-family:var(--h2_typography-font-family);--awb-caption-title-font-weight:var(--h2_typography-font-weight);--awb-caption-title-font-style:var(--h2_typography-font-style);--awb-caption-title-size:var(--h2_typography-font-size);--awb-caption-title-transform:var(--h2_typography-text-transform);--awb-caption-title-line-height:var(--h2_typography-line-height);--awb-caption-title-letter-spacing:var(--h2_typography-letter-spacing);\"><span class=\" fusion-imageframe imageframe-none imageframe-5 hover-type-none\"><img decoding=\"async\" width=\"758\" height=\"1038\" title=\"CMB_We find solutions\" src=\"https:\/\/cmb-rovereto.it\/wp-content\/uploads\/2020\/08\/CMB_We-find-solutions@2x.png\" alt class=\"img-responsive wp-image-648\" srcset=\"https:\/\/cmb-rovereto.it\/wp-content\/uploads\/2020\/08\/CMB_We-find-solutions@2x-200x274.png 200w, https:\/\/cmb-rovereto.it\/wp-content\/uploads\/2020\/08\/CMB_We-find-solutions@2x-400x548.png 400w, https:\/\/cmb-rovereto.it\/wp-content\/uploads\/2020\/08\/CMB_We-find-solutions@2x-600x822.png 600w, https:\/\/cmb-rovereto.it\/wp-content\/uploads\/2020\/08\/CMB_We-find-solutions@2x.png 758w\" sizes=\"(max-width: 640px) 100vw, 600px\" \/><\/span><\/div><\/div><\/div><div class=\"fusion-layout-column fusion_builder_column fusion-builder-column-6 fusion_builder_column_1_2 1_2 fusion-flex-column fusion-animated\" style=\"--awb-bg-size:cover;--awb-width-large:50%;--awb-margin-top-large:0px;--awb-spacing-right-large:3.84%;--awb-margin-bottom-large:0px;--awb-spacing-left-large:3.84%;--awb-width-medium:50%;--awb-order-medium:0;--awb-spacing-right-medium:3.84%;--awb-spacing-left-medium:3.84%;--awb-width-small:100%;--awb-order-small:0;--awb-spacing-right-small:1.92%;--awb-spacing-left-small:1.92%;\" data-animationType=\"fadeInRight\" data-animationDuration=\"1.0\" data-animationOffset=\"top-into-view\"><div class=\"fusion-column-wrapper fusion-column-has-shadow fusion-flex-justify-content-flex-start fusion-content-layout-column\"><div class=\"fusion-title title fusion-title-4 fusion-sep-none fusion-title-text fusion-title-size-two\" style=\"--awb-text-color:#ffffff;--awb-margin-bottom:60px;--awb-margin-bottom-small:20px;--awb-margin-bottom-medium:40px;\"><h2 class=\"fusion-title-heading title-heading-left fusion-responsive-typography-calculated\" style=\"margin:0;--fontSize:47;line-height:1.2;\">Wir finden L\u00f6sungen.<\/h2><\/div><div class=\"fusion-text fusion-text-3 cmb-list\"><p><span style=\"color: #ffffff;\">CMB lab hei\u00dft unsere Abteilung, die mit Ihnen gemeinsam an der Optimierung des Fertigungsprozesses und der idealen Produktl\u00f6sung arbeitet. <strong>Ihr Produkt ist unser Ziel.<\/strong><br \/>\n<\/span><\/p>\n<\/div><div class=\"fusion-image-element \" style=\"text-align:right;--awb-margin-top:40px;--awb-max-width:120px;--awb-caption-title-font-family:var(--h2_typography-font-family);--awb-caption-title-font-weight:var(--h2_typography-font-weight);--awb-caption-title-font-style:var(--h2_typography-font-style);--awb-caption-title-size:var(--h2_typography-font-size);--awb-caption-title-transform:var(--h2_typography-text-transform);--awb-caption-title-line-height:var(--h2_typography-line-height);--awb-caption-title-letter-spacing:var(--h2_typography-letter-spacing);\"><span class=\" fusion-imageframe imageframe-none imageframe-6 hover-type-none fusion-animated\" data-animationType=\"fadeInRight\" data-animationDuration=\"1.5\" data-animationOffset=\"top-into-view\"><img decoding=\"async\" width=\"239\" height=\"48\" title=\"logo CMB_lab\" src=\"https:\/\/cmb-rovereto.it\/wp-content\/uploads\/2020\/08\/logo-CMB_lab@2x.png\" alt class=\"img-responsive wp-image-647\" srcset=\"https:\/\/cmb-rovereto.it\/wp-content\/uploads\/2020\/08\/logo-CMB_lab@2x-200x40.png 200w, https:\/\/cmb-rovereto.it\/wp-content\/uploads\/2020\/08\/logo-CMB_lab@2x.png 239w\" sizes=\"(max-width: 640px) 100vw, 239px\" \/><\/span><\/div><\/div><\/div><\/div><\/div>\n<\/p>\n","protected":false},"excerpt":{"rendered":"","protected":false},"author":1,"featured_media":0,"parent":0,"menu_order":0,"comment_status":"closed","ping_status":"closed","template":"100-width.php","meta":{"_monsterinsights_skip_tracking":false,"_monsterinsights_sitenote_active":false,"_monsterinsights_sitenote_note":"","_monsterinsights_sitenote_category":0,"footnotes":""},"class_list":["post-793","page","type-page","status-publish","hentry"],"yoast_head":"<!-- This site is optimized with the Yoast SEO plugin v23.8 - https:\/\/yoast.com\/wordpress\/plugins\/seo\/ -->\n<title>Drehsperren - CMB Production Portfolio<\/title>\n<meta name=\"description\" content=\"We are specialized in the industrial assembly of Drehsperren. Find out our production portfolio details and contact us for more information.\" \/>\n<meta name=\"robots\" content=\"index, follow, max-snippet:-1, max-image-preview:large, max-video-preview:-1\" \/>\n<link rel=\"canonical\" href=\"https:\/\/cmb-rovereto.it\/de\/drehsperren\/\" \/>\n<meta property=\"og:locale\" content=\"de_DE\" \/>\n<meta property=\"og:type\" content=\"article\" \/>\n<meta property=\"og:title\" content=\"Drehsperren - CMB Production Portfolio\" \/>\n<meta property=\"og:description\" content=\"We are specialized in the industrial assembly of Drehsperren. Find out our production portfolio details and contact us for more information.\" \/>\n<meta property=\"og:url\" content=\"https:\/\/cmb-rovereto.it\/de\/drehsperren\/\" \/>\n<meta property=\"og:site_name\" content=\"CMB\" \/>\n<meta property=\"article:modified_time\" content=\"2025-02-21T15:54:32+00:00\" \/>\n<meta name=\"twitter:card\" content=\"summary_large_image\" \/>\n<meta name=\"twitter:label1\" content=\"Gesch\u00e4tzte Lesezeit\" \/>\n\t<meta name=\"twitter:data1\" content=\"2 Minuten\" \/>\n<script type=\"application\/ld+json\" class=\"yoast-schema-graph\">{\"@context\":\"https:\/\/schema.org\",\"@graph\":[{\"@type\":\"WebPage\",\"@id\":\"https:\/\/cmb-rovereto.it\/de\/drehsperren\/\",\"url\":\"https:\/\/cmb-rovereto.it\/de\/drehsperren\/\",\"name\":\"Drehsperren - CMB Production Portfolio\",\"isPartOf\":{\"@id\":\"https:\/\/cmb-rovereto.it\/de\/#website\"},\"datePublished\":\"2020-08-06T06:51:06+00:00\",\"dateModified\":\"2025-02-21T15:54:32+00:00\",\"description\":\"We are specialized in the industrial assembly of Drehsperren. Find out our production portfolio details and contact us for more information.\",\"breadcrumb\":{\"@id\":\"https:\/\/cmb-rovereto.it\/de\/drehsperren\/#breadcrumb\"},\"inLanguage\":\"de\",\"potentialAction\":[{\"@type\":\"ReadAction\",\"target\":[\"https:\/\/cmb-rovereto.it\/de\/drehsperren\/\"]}]},{\"@type\":\"BreadcrumbList\",\"@id\":\"https:\/\/cmb-rovereto.it\/de\/drehsperren\/#breadcrumb\",\"itemListElement\":[{\"@type\":\"ListItem\",\"position\":1,\"name\":\"Home\",\"item\":\"https:\/\/cmb-rovereto.it\/de\/\"},{\"@type\":\"ListItem\",\"position\":2,\"name\":\"Drehsperren\"}]},{\"@type\":\"WebSite\",\"@id\":\"https:\/\/cmb-rovereto.it\/de\/#website\",\"url\":\"https:\/\/cmb-rovereto.it\/de\/\",\"name\":\"CMB\",\"description\":\"Your Manufacturing Partner\",\"potentialAction\":[{\"@type\":\"SearchAction\",\"target\":{\"@type\":\"EntryPoint\",\"urlTemplate\":\"https:\/\/cmb-rovereto.it\/de\/?s={search_term_string}\"},\"query-input\":{\"@type\":\"PropertyValueSpecification\",\"valueRequired\":true,\"valueName\":\"search_term_string\"}}],\"inLanguage\":\"de\"}]}<\/script>\n<!-- \/ Yoast SEO plugin. -->","yoast_head_json":{"title":"Drehsperren - CMB Production Portfolio","description":"We are specialized in the industrial assembly of Drehsperren. Find out our production portfolio details and contact us for more information.","robots":{"index":"index","follow":"follow","max-snippet":"max-snippet:-1","max-image-preview":"max-image-preview:large","max-video-preview":"max-video-preview:-1"},"canonical":"https:\/\/cmb-rovereto.it\/de\/drehsperren\/","og_locale":"de_DE","og_type":"article","og_title":"Drehsperren - CMB Production Portfolio","og_description":"We are specialized in the industrial assembly of Drehsperren. Find out our production portfolio details and contact us for more information.","og_url":"https:\/\/cmb-rovereto.it\/de\/drehsperren\/","og_site_name":"CMB","article_modified_time":"2025-02-21T15:54:32+00:00","twitter_card":"summary_large_image","twitter_misc":{"Gesch\u00e4tzte Lesezeit":"2 Minuten"},"schema":{"@context":"https:\/\/schema.org","@graph":[{"@type":"WebPage","@id":"https:\/\/cmb-rovereto.it\/de\/drehsperren\/","url":"https:\/\/cmb-rovereto.it\/de\/drehsperren\/","name":"Drehsperren - CMB Production Portfolio","isPartOf":{"@id":"https:\/\/cmb-rovereto.it\/de\/#website"},"datePublished":"2020-08-06T06:51:06+00:00","dateModified":"2025-02-21T15:54:32+00:00","description":"We are specialized in the industrial assembly of Drehsperren. Find out our production portfolio details and contact us for more information.","breadcrumb":{"@id":"https:\/\/cmb-rovereto.it\/de\/drehsperren\/#breadcrumb"},"inLanguage":"de","potentialAction":[{"@type":"ReadAction","target":["https:\/\/cmb-rovereto.it\/de\/drehsperren\/"]}]},{"@type":"BreadcrumbList","@id":"https:\/\/cmb-rovereto.it\/de\/drehsperren\/#breadcrumb","itemListElement":[{"@type":"ListItem","position":1,"name":"Home","item":"https:\/\/cmb-rovereto.it\/de\/"},{"@type":"ListItem","position":2,"name":"Drehsperren"}]},{"@type":"WebSite","@id":"https:\/\/cmb-rovereto.it\/de\/#website","url":"https:\/\/cmb-rovereto.it\/de\/","name":"CMB","description":"Your Manufacturing Partner","potentialAction":[{"@type":"SearchAction","target":{"@type":"EntryPoint","urlTemplate":"https:\/\/cmb-rovereto.it\/de\/?s={search_term_string}"},"query-input":{"@type":"PropertyValueSpecification","valueRequired":true,"valueName":"search_term_string"}}],"inLanguage":"de"}]}},"_links":{"self":[{"href":"https:\/\/cmb-rovereto.it\/de\/wp-json\/wp\/v2\/pages\/793","targetHints":{"allow":["GET"]}}],"collection":[{"href":"https:\/\/cmb-rovereto.it\/de\/wp-json\/wp\/v2\/pages"}],"about":[{"href":"https:\/\/cmb-rovereto.it\/de\/wp-json\/wp\/v2\/types\/page"}],"author":[{"embeddable":true,"href":"https:\/\/cmb-rovereto.it\/de\/wp-json\/wp\/v2\/users\/1"}],"replies":[{"embeddable":true,"href":"https:\/\/cmb-rovereto.it\/de\/wp-json\/wp\/v2\/comments?post=793"}],"version-history":[{"count":10,"href":"https:\/\/cmb-rovereto.it\/de\/wp-json\/wp\/v2\/pages\/793\/revisions"}],"predecessor-version":[{"id":1492,"href":"https:\/\/cmb-rovereto.it\/de\/wp-json\/wp\/v2\/pages\/793\/revisions\/1492"}],"wp:attachment":[{"href":"https:\/\/cmb-rovereto.it\/de\/wp-json\/wp\/v2\/media?parent=793"}],"curies":[{"name":"wp","href":"https:\/\/api.w.org\/{rel}","templated":true}]}}